{"id":816,"date":"2023-11-22T12:09:49","date_gmt":"2023-11-22T11:09:49","guid":{"rendered":"http:\/\/www.puppen-restaurierung.de\/imprimer\/"},"modified":"2026-03-29T18:43:26","modified_gmt":"2026-03-29T16:43:26","slug":"imprimer","status":"publish","type":"page","link":"https:\/\/puppen-restaurierung.de\/fr\/imprimer\/","title":{"rendered":"Imprimer"},"content":{"rendered":"\n<p>Marie Louise von Mallickrodt<br\/>Restauration et vente de poup\u00e9es anciennes<br\/>Elisabethkirchstra\u00dfe 7<br\/>10115 Berlin<\/p>\n\n<h3 class=\"wp-block-heading\">Contact<\/h3>\n\n<p>T\u00e9l\u00e9phone : 0178 &#8211; 328 07 54<br\/>E-mail : <a href=\"mailto:home@puppen-restaurierung.de\">home@puppen-restaurierung.de<\/a><\/p>\n\n<h3 class=\"wp-block-heading\">Umsatzsteuer-ID<\/h3>\n\n<p>Num\u00e9ro d&rsquo;identification de la taxe sur le chiffre d&rsquo;affaires conform\u00e9ment au \u00a7 27 a de la loi sur la taxe sur le chiffre d&rsquo;affaires :<br\/>DE 857 109 23 269<\/p>\n\n<strong>R\u00e9alisation du site web :<\/strong> Webdesign Sieland &#8211; Votre agence WordPress \u00e0 Berlin &#8211; <a href=\"https:\/\/webdesign-sieland.de\/\" target=\"_blank\" rel=\"noopener\">webdesign-sieland.de<\/a>\n","protected":false},"excerpt":{"rendered":"<p>Marie Louise von MallickrodtRestauration et vente de poup\u00e9es anciennesElisabethkirchstra\u00dfe 710115 Berlin Contact T\u00e9l\u00e9phone : 0178 &#8211; 328 07 54E-mail : home@puppen-restaurierung.de Umsatzsteuer-ID Num\u00e9ro d&rsquo;identification de la taxe sur le chiffre d&rsquo;affaires conform\u00e9ment au \u00a7 27 a de la loi sur la taxe sur le chiffre d&rsquo;affaires :DE 857 109 23 269 R\u00e9alisation du site web [&hellip;]<\/p>\n","protected":false},"author":6,"featured_media":0,"parent":0,"menu_order":60,"comment_status":"closed","ping_status":"closed","template":"","meta":{"_acf_changed":false,"footnotes":""},"class_list":["post-816","page","type-page","status-publish","hentry"],"acf":[],"_links":{"self":[{"href":"https:\/\/puppen-restaurierung.de\/fr\/wp-json\/wp\/v2\/pages\/816","targetHints":{"allow":["GET"]}}],"collection":[{"href":"https:\/\/puppen-restaurierung.de\/fr\/wp-json\/wp\/v2\/pages"}],"about":[{"href":"https:\/\/puppen-restaurierung.de\/fr\/wp-json\/wp\/v2\/types\/page"}],"author":[{"embeddable":true,"href":"https:\/\/puppen-restaurierung.de\/fr\/wp-json\/wp\/v2\/users\/6"}],"replies":[{"embeddable":true,"href":"https:\/\/puppen-restaurierung.de\/fr\/wp-json\/wp\/v2\/comments?post=816"}],"version-history":[{"count":5,"href":"https:\/\/puppen-restaurierung.de\/fr\/wp-json\/wp\/v2\/pages\/816\/revisions"}],"predecessor-version":[{"id":1765,"href":"https:\/\/puppen-restaurierung.de\/fr\/wp-json\/wp\/v2\/pages\/816\/revisions\/1765"}],"wp:attachment":[{"href":"https:\/\/puppen-restaurierung.de\/fr\/wp-json\/wp\/v2\/media?parent=816"}],"curies":[{"name":"wp","href":"https:\/\/api.w.org\/{rel}","templated":true}]}}