{"id":776,"date":"2023-11-22T12:10:14","date_gmt":"2023-11-22T11:10:14","guid":{"rendered":"http:\/\/www.puppen-restaurierung.de\/galerie\/"},"modified":"2023-12-31T15:10:40","modified_gmt":"2023-12-31T14:10:40","slug":"galerie","status":"publish","type":"page","link":"https:\/\/puppen-restaurierung.de\/fr\/galerie\/","title":{"rendered":"Galerie"},"content":{"rendered":"\t\t<div data-elementor-type=\"wp-page\" data-elementor-id=\"776\" class=\"elementor elementor-776 elementor-83\" data-elementor-post-type=\"page\">\n\t\t\t\t\t\t<section data-particle_enable=\"false\" data-particle-mobile-disabled=\"false\" class=\"elementor-section elementor-top-section elementor-element elementor-element-d3da190 elementor-section-boxed elementor-section-height-default elementor-section-height-default\" data-id=\"d3da190\" data-element_type=\"section\" data-e-type=\"section\">\n\t\t\t\t\t\t<div class=\"elementor-container elementor-column-gap-default\">\n\t\t\t\t\t<div class=\"elementor-column elementor-col-100 elementor-top-column elementor-element elementor-element-96a5225\" data-id=\"96a5225\" data-element_type=\"column\" data-e-type=\"column\">\n\t\t\t<div class=\"elementor-widget-wrap elementor-element-populated\">\n\t\t\t\t\t\t<div class=\"elementor-element elementor-element-40fb46a elementor-widget elementor-widget-heading\" data-id=\"40fb46a\" data-element_type=\"widget\" data-e-type=\"widget\" data-widget_type=\"heading.default\">\n\t\t\t\t<div class=\"elementor-widget-container\">\n\t\t\t\t\t<h2 class=\"elementor-heading-title elementor-size-default\">Galerie<\/h2>\t\t\t\t<\/div>\n\t\t\t\t<\/div>\n\t\t\t\t<div class=\"elementor-element elementor-element-fde9f5e elementor-widget-divider--view-line elementor-widget elementor-widget-divider\" data-id=\"fde9f5e\" data-element_type=\"widget\" data-e-type=\"widget\" data-widget_type=\"divider.default\">\n\t\t\t\t<div class=\"elementor-widget-container\">\n\t\t\t\t\t\t\t<div class=\"elementor-divider\">\n\t\t\t<span class=\"elementor-divider-separator\">\n\t\t\t\t\t\t<\/span>\n\t\t<\/div>\n\t\t\t\t\t\t<\/div>\n\t\t\t\t<\/div>\n\t\t\t\t<div class=\"elementor-element elementor-element-6f23eec elementor-widget elementor-widget-text-editor\" data-id=\"6f23eec\" data-element_type=\"widget\" data-e-type=\"widget\" data-widget_type=\"text-editor.default\">\n\t\t\t\t<div class=\"elementor-widget-container\">\n\t\t\t\t\t\t\t\t\t<p>Si vous \u00eates int\u00e9ress\u00e9 par un article, veuillez m&rsquo;appeler ou m&rsquo;envoyer un e-mail en indiquant le num\u00e9ro de vente.<\/p>\n\t\t\t\t\t\t\t\t<\/div>\n\t\t\t\t<\/div>\n\t\t\t\t\t<\/div>\n\t\t<\/div>\n\t\t\t\t\t<\/div>\n\t\t<\/section>\n\t\t\t\t<section data-particle_enable=\"false\" data-particle-mobile-disabled=\"false\" class=\"elementor-section elementor-top-section elementor-element elementor-element-5eb249c elementor-section-boxed elementor-section-height-default elementor-section-height-default\" data-id=\"5eb249c\" data-element_type=\"section\" data-e-type=\"section\">\n\t\t\t\t\t\t<div class=\"elementor-container elementor-column-gap-default\">\n\t\t\t\t\t<div class=\"elementor-column elementor-col-100 elementor-top-column elementor-element elementor-element-2440864\" data-id=\"2440864\" data-element_type=\"column\" data-e-type=\"column\">\n\t\t\t<div class=\"elementor-widget-wrap elementor-element-populated\">\n\t\t\t\t\t\t<div class=\"elementor-element elementor-element-110718f elementor-grid-4 elementor-grid-tablet-3 elementor-grid-mobile-2 elementor-widget elementor-widget-eael-dynamic-filterable-gallery\" data-id=\"110718f\" data-element_type=\"widget\" data-e-type=\"widget\" data-settings=\"{&quot;eael_fg_columns&quot;:&quot;4&quot;,&quot;eael_fg_columns_tablet&quot;:&quot;3&quot;,&quot;eael_fg_columns_mobile&quot;:&quot;2&quot;}\" data-widget_type=\"eael-dynamic-filterable-gallery.default\">\n\t\t\t\t<div class=\"elementor-widget-container\">\n\t\t\t\t\t<div id=\"eael-filter-gallery-wrapper-110718f\" class=\"eael-filter-gallery-wrapper eael-filter-position-top\"><div class=\"eael-filter-gallery-control\">\n                    <ul>\n                        <li class=\"control active dynamic-gallery-category \" data-filter=\"*\">Tous<\/li><li class=\"control dynamic-gallery-category \" data-termid=\"6\" data-taxonomy=\"category\" data-filter=\".papiermachepuppe\">Papiermach\u00e9puppe<\/li><li class=\"control dynamic-gallery-category \" data-termid=\"7\" data-taxonomy=\"category\" data-filter=\".porzellanpuppen\">Porzellanpuppen<\/li><li class=\"control dynamic-gallery-category \" data-termid=\"8\" data-taxonomy=\"category\" data-filter=\".wachs-wax-over-puppe\">Wachs\/Wax-Over-Puppe<\/li><li class=\"control dynamic-gallery-category \" data-termid=\"9\" data-taxonomy=\"category\" data-filter=\".celluloidpuppe\">Celluloidpuppe<\/li><li class=\"control dynamic-gallery-category \" data-termid=\"10\" data-taxonomy=\"category\" data-filter=\".holzpuppen\">Holzpuppen<\/li><li class=\"control dynamic-gallery-category \" data-termid=\"55\" data-taxonomy=\"category\" data-filter=\".zubehoer\">Zubeh\u00f6r<\/li><li class=\"control dynamic-gallery-category \" data-termid=\"54\" data-taxonomy=\"category\" data-filter=\".ersatzteile\">Ersatzteile<\/li><\/ul>\n                <\/div><div class=\"eael-filter-gallery-container eael-post-appender eael-post-appender-110718f grid eael-hoverer  4\" data-settings=\"{&quot;has_filter&quot;:true,&quot;item_style&quot;:&quot;eael-hoverer&quot;,&quot;duration&quot;:500,&quot;layout_mode&quot;:&quot;grid&quot;}\"><div class=\"dynamic-gallery-item facultatif holzpuppen-fr tous-les groedner-verkaufs-nr-003-2\">\n    <div class=\"dynamic-gallery-item-inner\" data-itemid=\"1293\">\n        <div class=\"dynamic-gallery-thumbnail\">\n            <img decoding=\"async\" src=\"https:\/\/puppen-restaurierung.de\/wp-content\/uploads\/2023\/12\/IMG_7954-1.webp\" alt=\"\">\n                            <div class=\"caption eael-fade-in\">\n                                                                        <div class=\"item-content\">\n                                <h2 class=\"title\"><a href=\"https:\/\/puppen-restaurierung.de\/fr\/groedner-verkaufs-nr-003-2\/\">Gr\u00f6dner | Verkaufs-Nr. 003<\/a><\/h2><p><\/p>                            <\/div>\n                            <div class=\"buttons\">\n                                <a href=\"https:\/\/puppen-restaurierung.de\/wp-content\/uploads\/2023\/12\/IMG_7954-1.webp\" class=\"eael-magnific-link\" data-elementor-open-lightbox=\"yes\"><i aria-hidden=\"true\" class=\"fas fa-search-plus\"><\/i><\/a><a href=\"https:\/\/puppen-restaurierung.de\/fr\/groedner-verkaufs-nr-003-2\/\"><i aria-hidden=\"true\" class=\"fas fa-link\"><\/i><\/a>                            <\/div>\n                                        <\/div>\n                    <\/div>\n    <\/div>\n<\/div>\n\n<div class=\"dynamic-gallery-item facultatif holzpuppen-fr tous-les groedner-verkaufs-nr-001-2\">\n    <div class=\"dynamic-gallery-item-inner\" data-itemid=\"1385\">\n        <div class=\"dynamic-gallery-thumbnail\">\n            <img decoding=\"async\" src=\"https:\/\/puppen-restaurierung.de\/wp-content\/uploads\/2023\/12\/IMG_7865_quadr.webp\" alt=\"\">\n                            <div class=\"caption eael-fade-in\">\n                                                                        <div class=\"item-content\">\n                                <h2 class=\"title\"><a href=\"https:\/\/puppen-restaurierung.de\/fr\/groedner-verkaufs-nr-001-2\/\">Gr\u00f6dner | Verkaufs-Nr. 001<\/a><\/h2><p><\/p>                            <\/div>\n                            <div class=\"buttons\">\n                                <a href=\"https:\/\/puppen-restaurierung.de\/wp-content\/uploads\/2023\/12\/IMG_7865_quadr.webp\" class=\"eael-magnific-link\" data-elementor-open-lightbox=\"yes\"><i aria-hidden=\"true\" class=\"fas fa-search-plus\"><\/i><\/a><a href=\"https:\/\/puppen-restaurierung.de\/fr\/groedner-verkaufs-nr-001-2\/\"><i aria-hidden=\"true\" class=\"fas fa-link\"><\/i><\/a>                            <\/div>\n                                        <\/div>\n                    <\/div>\n    <\/div>\n<\/div>\n\n<div class=\"dynamic-gallery-item celluloidpuppe-fr facultatif tous-les celluloidpuppe-verkaufs-nr-040\">\n    <div class=\"dynamic-gallery-item-inner\" data-itemid=\"998\">\n        <div class=\"dynamic-gallery-thumbnail\">\n            <img decoding=\"async\" src=\"https:\/\/puppen-restaurierung.de\/wp-content\/uploads\/2023\/12\/IMG_0237-1024x1024.webp\" alt=\"\">\n                            <div class=\"caption eael-fade-in\">\n                                                                        <div class=\"item-content\">\n                                <h2 class=\"title\"><a href=\"https:\/\/puppen-restaurierung.de\/fr\/celluloidpuppe-verkaufs-nr-040\/\">Celluloidpuppe| Verkaufs-Nr. 040<\/a><\/h2><p><\/p>                            <\/div>\n                            <div class=\"buttons\">\n                                <a href=\"https:\/\/puppen-restaurierung.de\/wp-content\/uploads\/2023\/12\/IMG_0237-scaled.webp\" class=\"eael-magnific-link\" data-elementor-open-lightbox=\"yes\"><i aria-hidden=\"true\" class=\"fas fa-search-plus\"><\/i><\/a><a href=\"https:\/\/puppen-restaurierung.de\/fr\/celluloidpuppe-verkaufs-nr-040\/\"><i aria-hidden=\"true\" class=\"fas fa-link\"><\/i><\/a>                            <\/div>\n                                        <\/div>\n                    <\/div>\n    <\/div>\n<\/div>\n\n<div class=\"dynamic-gallery-item facultatif tous-les wachs-wax-over-puppe-fr wax-over-puppe-verkaufs-nr-009\">\n    <div class=\"dynamic-gallery-item-inner\" data-itemid=\"972\">\n        <div class=\"dynamic-gallery-thumbnail\">\n            <img decoding=\"async\" src=\"https:\/\/puppen-restaurierung.de\/wp-content\/uploads\/2023\/12\/IMG_8272-1-1024x1024.webp\" alt=\"\">\n                            <div class=\"caption eael-fade-in\">\n                                                                        <div class=\"item-content\">\n                                <h2 class=\"title\"><a href=\"https:\/\/puppen-restaurierung.de\/fr\/wax-over-puppe-verkaufs-nr-009\/\">Wax-Over-Puppe | Verkaufs-Nr. 009<\/a><\/h2><p><\/p>                            <\/div>\n                            <div class=\"buttons\">\n                                <a href=\"https:\/\/puppen-restaurierung.de\/wp-content\/uploads\/2023\/12\/IMG_8272-1.webp\" class=\"eael-magnific-link\" data-elementor-open-lightbox=\"yes\"><i aria-hidden=\"true\" class=\"fas fa-search-plus\"><\/i><\/a><a href=\"https:\/\/puppen-restaurierung.de\/fr\/wax-over-puppe-verkaufs-nr-009\/\"><i aria-hidden=\"true\" class=\"fas fa-link\"><\/i><\/a>                            <\/div>\n                                        <\/div>\n                    <\/div>\n    <\/div>\n<\/div>\n\n<div class=\"dynamic-gallery-item facultatif tous-les wachs-wax-over-puppe-fr wax-over-puppe-verkaufs-nr-022\">\n    <div class=\"dynamic-gallery-item-inner\" data-itemid=\"978\">\n        <div class=\"dynamic-gallery-thumbnail\">\n            <img decoding=\"async\" src=\"https:\/\/puppen-restaurierung.de\/wp-content\/uploads\/2023\/12\/IMG_8900-1024x1024.webp\" alt=\"\">\n                            <div class=\"caption eael-fade-in\">\n                                                                        <div class=\"item-content\">\n                                <h2 class=\"title\"><a href=\"https:\/\/puppen-restaurierung.de\/fr\/wax-over-puppe-verkaufs-nr-022\/\">Wax-Over-Puppe | Verkaufs-Nr. 022<\/a><\/h2><p><\/p>                            <\/div>\n                            <div class=\"buttons\">\n                                <a href=\"https:\/\/puppen-restaurierung.de\/wp-content\/uploads\/2023\/12\/IMG_8900.webp\" class=\"eael-magnific-link\" data-elementor-open-lightbox=\"yes\"><i aria-hidden=\"true\" class=\"fas fa-search-plus\"><\/i><\/a><a href=\"https:\/\/puppen-restaurierung.de\/fr\/wax-over-puppe-verkaufs-nr-022\/\"><i aria-hidden=\"true\" class=\"fas fa-link\"><\/i><\/a>                            <\/div>\n                                        <\/div>\n                    <\/div>\n    <\/div>\n<\/div>\n\n<div class=\"dynamic-gallery-item facultatif tous-les wachs-wax-over-puppe-fr wax-over-puppe-verkaufs-nr-066\">\n    <div class=\"dynamic-gallery-item-inner\" data-itemid=\"981\">\n        <div class=\"dynamic-gallery-thumbnail\">\n            <img decoding=\"async\" src=\"https:\/\/puppen-restaurierung.de\/wp-content\/uploads\/2023\/12\/IMG_1866-1024x1024.webp\" alt=\"\">\n                            <div class=\"caption eael-fade-in\">\n                                                                        <div class=\"item-content\">\n                                <h2 class=\"title\"><a href=\"https:\/\/puppen-restaurierung.de\/fr\/wax-over-puppe-verkaufs-nr-066\/\">Wax-Over-Puppe | Verkaufs-Nr. 066<\/a><\/h2><p><\/p>                            <\/div>\n                            <div class=\"buttons\">\n                                <a href=\"https:\/\/puppen-restaurierung.de\/wp-content\/uploads\/2023\/12\/IMG_1866.webp\" class=\"eael-magnific-link\" data-elementor-open-lightbox=\"yes\"><i aria-hidden=\"true\" class=\"fas fa-search-plus\"><\/i><\/a><a href=\"https:\/\/puppen-restaurierung.de\/fr\/wax-over-puppe-verkaufs-nr-066\/\"><i aria-hidden=\"true\" class=\"fas fa-link\"><\/i><\/a>                            <\/div>\n                                        <\/div>\n                    <\/div>\n    <\/div>\n<\/div>\n\n<div class=\"dynamic-gallery-item facultatif tous-les wachs-wax-over-puppe-fr wax-over-puppe-verkaufs-nr-074\">\n    <div class=\"dynamic-gallery-item-inner\" data-itemid=\"984\">\n        <div class=\"dynamic-gallery-thumbnail\">\n            <img decoding=\"async\" src=\"https:\/\/puppen-restaurierung.de\/wp-content\/uploads\/2023\/12\/IMG_2995-1024x1024.webp\" alt=\"\">\n                            <div class=\"caption eael-fade-in\">\n                                                                        <div class=\"item-content\">\n                                <h2 class=\"title\"><a href=\"https:\/\/puppen-restaurierung.de\/fr\/wax-over-puppe-verkaufs-nr-074\/\">Wax-Over-Puppe | Verkaufs-Nr.074<\/a><\/h2><p><\/p>                            <\/div>\n                            <div class=\"buttons\">\n                                <a href=\"https:\/\/puppen-restaurierung.de\/wp-content\/uploads\/2023\/12\/IMG_2995.webp\" class=\"eael-magnific-link\" data-elementor-open-lightbox=\"yes\"><i aria-hidden=\"true\" class=\"fas fa-search-plus\"><\/i><\/a><a href=\"https:\/\/puppen-restaurierung.de\/fr\/wax-over-puppe-verkaufs-nr-074\/\"><i aria-hidden=\"true\" class=\"fas fa-link\"><\/i><\/a>                            <\/div>\n                                        <\/div>\n                    <\/div>\n    <\/div>\n<\/div>\n\n<div class=\"dynamic-gallery-item facultatif porzellanpuppen-fr tous-les chinapuppe-verkaufs-nr-055\">\n    <div class=\"dynamic-gallery-item-inner\" data-itemid=\"987\">\n        <div class=\"dynamic-gallery-thumbnail\">\n            <img decoding=\"async\" src=\"https:\/\/puppen-restaurierung.de\/wp-content\/uploads\/2023\/12\/IMG_9224-1024x1024.webp\" alt=\"\">\n                            <div class=\"caption eael-fade-in\">\n                                                                        <div class=\"item-content\">\n                                <h2 class=\"title\"><a href=\"https:\/\/puppen-restaurierung.de\/fr\/chinapuppe-verkaufs-nr-055\/\">Chinapuppe | Verkaufs-Nr. 055<\/a><\/h2><p><\/p>                            <\/div>\n                            <div class=\"buttons\">\n                                <a href=\"https:\/\/puppen-restaurierung.de\/wp-content\/uploads\/2023\/12\/IMG_9224.webp\" class=\"eael-magnific-link\" data-elementor-open-lightbox=\"yes\"><i aria-hidden=\"true\" class=\"fas fa-search-plus\"><\/i><\/a><a href=\"https:\/\/puppen-restaurierung.de\/fr\/chinapuppe-verkaufs-nr-055\/\"><i aria-hidden=\"true\" class=\"fas fa-link\"><\/i><\/a>                            <\/div>\n                                        <\/div>\n                    <\/div>\n    <\/div>\n<\/div>\n\n<div class=\"dynamic-gallery-item facultatif porzellanpuppen-fr tous-les parianpuppe-verkaufs-nr-081\">\n    <div class=\"dynamic-gallery-item-inner\" data-itemid=\"990\">\n        <div class=\"dynamic-gallery-thumbnail\">\n            <img decoding=\"async\" src=\"https:\/\/puppen-restaurierung.de\/wp-content\/uploads\/2023\/12\/IMG_3368-Benutzerdefiniert-1024x1024.webp\" alt=\"\">\n                            <div class=\"caption eael-fade-in\">\n                                                                        <div class=\"item-content\">\n                                <h2 class=\"title\"><a href=\"https:\/\/puppen-restaurierung.de\/fr\/parianpuppe-verkaufs-nr-081\/\">Parianpuppe | Verkaufs-Nr. 081<\/a><\/h2><p><\/p>                            <\/div>\n                            <div class=\"buttons\">\n                                <a href=\"https:\/\/puppen-restaurierung.de\/wp-content\/uploads\/2023\/12\/IMG_3368-Benutzerdefiniert.webp\" class=\"eael-magnific-link\" data-elementor-open-lightbox=\"yes\"><i aria-hidden=\"true\" class=\"fas fa-search-plus\"><\/i><\/a><a href=\"https:\/\/puppen-restaurierung.de\/fr\/parianpuppe-verkaufs-nr-081\/\"><i aria-hidden=\"true\" class=\"fas fa-link\"><\/i><\/a>                            <\/div>\n                                        <\/div>\n                    <\/div>\n    <\/div>\n<\/div>\n\n<div class=\"dynamic-gallery-item facultatif porzellanpuppen-fr tous-les parianpuppe-verkaufs-nr-008\">\n    <div class=\"dynamic-gallery-item-inner\" data-itemid=\"961\">\n        <div class=\"dynamic-gallery-thumbnail\">\n            <img decoding=\"async\" src=\"https:\/\/puppen-restaurierung.de\/wp-content\/uploads\/2023\/12\/IMG_8213_quadrat.webp\" alt=\"\">\n                            <div class=\"caption eael-fade-in\">\n                                                                        <div class=\"item-content\">\n                                <h2 class=\"title\"><a href=\"https:\/\/puppen-restaurierung.de\/fr\/parianpuppe-verkaufs-nr-008\/\">Parianpuppe | Verkaufs-Nr. 008<\/a><\/h2><p><\/p>                            <\/div>\n                            <div class=\"buttons\">\n                                <a href=\"https:\/\/puppen-restaurierung.de\/wp-content\/uploads\/2023\/12\/IMG_8213_quadrat.webp\" class=\"eael-magnific-link\" data-elementor-open-lightbox=\"yes\"><i aria-hidden=\"true\" class=\"fas fa-search-plus\"><\/i><\/a><a href=\"https:\/\/puppen-restaurierung.de\/fr\/parianpuppe-verkaufs-nr-008\/\"><i aria-hidden=\"true\" class=\"fas fa-link\"><\/i><\/a>                            <\/div>\n                                        <\/div>\n                    <\/div>\n    <\/div>\n<\/div>\n\n<div class=\"dynamic-gallery-item facultatif papiermachepuppe-fr tous-les papiermache-masse-verkaufs-nr-052\">\n    <div class=\"dynamic-gallery-item-inner\" data-itemid=\"993\">\n        <div class=\"dynamic-gallery-thumbnail\">\n            <img decoding=\"async\" src=\"https:\/\/puppen-restaurierung.de\/wp-content\/uploads\/2023\/11\/Papiermache-Verkaufs-Nr.-052-1024x1024.webp\" alt=\"\">\n                            <div class=\"caption eael-fade-in\">\n                                                                        <div class=\"item-content\">\n                                <h2 class=\"title\"><a href=\"https:\/\/puppen-restaurierung.de\/fr\/papiermache-masse-verkaufs-nr-052\/\">Papiermach\u00e9 -Masse | Verkaufs-Nr. 052<\/a><\/h2><p><\/p>                            <\/div>\n                            <div class=\"buttons\">\n                                <a href=\"https:\/\/puppen-restaurierung.de\/wp-content\/uploads\/2023\/11\/Papiermache-Verkaufs-Nr.-052-scaled.webp\" class=\"eael-magnific-link\" data-elementor-open-lightbox=\"yes\"><i aria-hidden=\"true\" class=\"fas fa-search-plus\"><\/i><\/a><a href=\"https:\/\/puppen-restaurierung.de\/fr\/papiermache-masse-verkaufs-nr-052\/\"><i aria-hidden=\"true\" class=\"fas fa-link\"><\/i><\/a>                            <\/div>\n                                        <\/div>\n                    <\/div>\n    <\/div>\n<\/div>\n\n<div class=\"dynamic-gallery-item facultatif papiermachepuppe-fr tous-les papiermache-masse-verkaufs-nr-088\">\n    <div class=\"dynamic-gallery-item-inner\" data-itemid=\"996\">\n        <div class=\"dynamic-gallery-thumbnail\">\n            <img decoding=\"async\" src=\"https:\/\/puppen-restaurierung.de\/wp-content\/uploads\/2023\/11\/Papiermache-Masse-Verkaufs-Nr.-088_0001-1024x1024.webp\" alt=\"\">\n                            <div class=\"caption eael-fade-in\">\n                                                                        <div class=\"item-content\">\n                                <h2 class=\"title\"><a href=\"https:\/\/puppen-restaurierung.de\/fr\/papiermache-masse-verkaufs-nr-088\/\">Papiermach\u00e9 -Masse | Verkaufs-Nr. 088<\/a><\/h2><p><\/p>                            <\/div>\n                            <div class=\"buttons\">\n                                <a href=\"https:\/\/puppen-restaurierung.de\/wp-content\/uploads\/2023\/11\/Papiermache-Masse-Verkaufs-Nr.-088_0001-scaled.webp\" class=\"eael-magnific-link\" data-elementor-open-lightbox=\"yes\"><i aria-hidden=\"true\" class=\"fas fa-search-plus\"><\/i><\/a><a href=\"https:\/\/puppen-restaurierung.de\/fr\/papiermache-masse-verkaufs-nr-088\/\"><i aria-hidden=\"true\" class=\"fas fa-link\"><\/i><\/a>                            <\/div>\n                                        <\/div>\n                    <\/div>\n    <\/div>\n<\/div>\n\n<\/div><\/div>\t\t\t\t<\/div>\n\t\t\t\t<\/div>\n\t\t\t\t\t<\/div>\n\t\t<\/div>\n\t\t\t\t\t<\/div>\n\t\t<\/section>\n\t\t\t\t<\/div>\n\t\t","protected":false},"excerpt":{"rendered":"<p>Galerie Si vous \u00eates int\u00e9ress\u00e9 par un article, veuillez m&rsquo;appeler ou m&rsquo;envoyer un e-mail en indiquant le num\u00e9ro de vente. Tous Papiermach\u00e9puppe Porzellanpuppen Wachs\/Wax-Over-Puppe Celluloidpuppe Holzpuppen Zubeh\u00f6r Ersatzteile Candy-Container Chinapuppe Papiermache &lsquo; Papiemache&rsquo; Gr\u00f6dner | Verkaufs-Nr. 001 Celluloidpuppe| Verkaufs-Nr. 040 Wax-Over-Puppe | Verkaufs-Nr. 009 Wax-Over-Puppe | Verkaufs-Nr. 022 Wax-Over-Puppe | Verkaufs-Nr. 066 Wax-Over-Puppe | Verkaufs-Nr.074 [&hellip;]<\/p>\n","protected":false},"author":6,"featured_media":0,"parent":0,"menu_order":30,"comment_status":"closed","ping_status":"closed","template":"","meta":{"_acf_changed":false,"footnotes":""},"class_list":["post-776","page","type-page","status-publish","hentry"],"acf":[],"_links":{"self":[{"href":"https:\/\/puppen-restaurierung.de\/fr\/wp-json\/wp\/v2\/pages\/776","targetHints":{"allow":["GET"]}}],"collection":[{"href":"https:\/\/puppen-restaurierung.de\/fr\/wp-json\/wp\/v2\/pages"}],"about":[{"href":"https:\/\/puppen-restaurierung.de\/fr\/wp-json\/wp\/v2\/types\/page"}],"author":[{"embeddable":true,"href":"https:\/\/puppen-restaurierung.de\/fr\/wp-json\/wp\/v2\/users\/6"}],"replies":[{"embeddable":true,"href":"https:\/\/puppen-restaurierung.de\/fr\/wp-json\/wp\/v2\/comments?post=776"}],"version-history":[{"count":24,"href":"https:\/\/puppen-restaurierung.de\/fr\/wp-json\/wp\/v2\/pages\/776\/revisions"}],"predecessor-version":[{"id":1680,"href":"https:\/\/puppen-restaurierung.de\/fr\/wp-json\/wp\/v2\/pages\/776\/revisions\/1680"}],"wp:attachment":[{"href":"https:\/\/puppen-restaurierung.de\/fr\/wp-json\/wp\/v2\/media?parent=776"}],"curies":[{"name":"wp","href":"https:\/\/api.w.org\/{rel}","templated":true}]}}