{"id":770,"date":"2023-11-23T12:53:03","date_gmt":"2023-11-23T11:53:03","guid":{"rendered":"http:\/\/www.puppen-restaurierung.de\/a-propos-de-moi\/"},"modified":"2023-12-12T13:15:52","modified_gmt":"2023-12-12T12:15:52","slug":"a-propos-de-moi","status":"publish","type":"page","link":"https:\/\/puppen-restaurierung.de\/fr\/a-propos-de-moi\/","title":{"rendered":"\u00c0 propos de moi"},"content":{"rendered":"\t\t<div data-elementor-type=\"wp-page\" data-elementor-id=\"770\" class=\"elementor elementor-770 elementor-122\" data-elementor-post-type=\"page\">\n\t\t\t\t\t\t<section data-particle_enable=\"false\" data-particle-mobile-disabled=\"false\" class=\"elementor-section elementor-top-section elementor-element elementor-element-e03f1ad elementor-section-boxed elementor-section-height-default elementor-section-height-default elementor-invisible\" data-id=\"e03f1ad\" data-element_type=\"section\" data-e-type=\"section\" data-settings=\"{&quot;animation&quot;:&quot;fadeInLeft&quot;}\">\n\t\t\t\t\t\t<div class=\"elementor-container elementor-column-gap-default\">\n\t\t\t\t\t<div class=\"elementor-column elementor-col-50 elementor-top-column elementor-element elementor-element-9cf0ab4\" data-id=\"9cf0ab4\" data-element_type=\"column\" data-e-type=\"column\" data-settings=\"{&quot;background_background&quot;:&quot;classic&quot;}\">\n\t\t\t<div class=\"elementor-widget-wrap elementor-element-populated\">\n\t\t\t\t\t\t<div class=\"elementor-element elementor-element-cd3461f elementor-widget elementor-widget-heading\" data-id=\"cd3461f\" data-element_type=\"widget\" data-e-type=\"widget\" data-widget_type=\"heading.default\">\n\t\t\t\t<div class=\"elementor-widget-container\">\n\t\t\t\t\t<h2 class=\"elementor-heading-title elementor-size-default\">PR\u00c9SERVER ET RESTAURER<\/h2>\t\t\t\t<\/div>\n\t\t\t\t<\/div>\n\t\t\t\t<div class=\"elementor-element elementor-element-337961d elementor-widget__width-initial elementor-widget elementor-widget-heading\" data-id=\"337961d\" data-element_type=\"widget\" data-e-type=\"widget\" data-widget_type=\"heading.default\">\n\t\t\t\t<div class=\"elementor-widget-container\">\n\t\t\t\t\t<h2 class=\"elementor-heading-title elementor-size-default\">\n\nde belles choses est la vocation et la tradition de ma famille depuis des g\u00e9n\u00e9rations.\n<\/h2>\t\t\t\t<\/div>\n\t\t\t\t<\/div>\n\t\t\t\t<div class=\"elementor-element elementor-element-d7081e6 elementor-invisible elementor-widget elementor-widget-image\" data-id=\"d7081e6\" data-element_type=\"widget\" data-e-type=\"widget\" data-settings=\"{&quot;_animation&quot;:&quot;fadeInUp&quot;,&quot;_animation_delay&quot;:300}\" data-widget_type=\"image.default\">\n\t\t\t\t<div class=\"elementor-widget-container\">\n\t\t\t\t\t\t\t\t\t\t\t\t\t\t\t<img fetchpriority=\"high\" decoding=\"async\" width=\"466\" height=\"480\" src=\"https:\/\/puppen-restaurierung.de\/wp-content\/uploads\/2023\/11\/gesicht_transp1-Klein.webp\" class=\"attachment-large size-large wp-image-496\" alt=\"\" srcset=\"https:\/\/puppen-restaurierung.de\/wp-content\/uploads\/2023\/11\/gesicht_transp1-Klein.webp 466w, https:\/\/puppen-restaurierung.de\/wp-content\/uploads\/2023\/11\/gesicht_transp1-Klein-291x300.webp 291w\" sizes=\"(max-width: 466px) 100vw, 466px\" \/>\t\t\t\t\t\t\t\t\t\t\t\t\t\t\t<\/div>\n\t\t\t\t<\/div>\n\t\t\t\t\t<\/div>\n\t\t<\/div>\n\t\t\t\t<div class=\"elementor-column elementor-col-50 elementor-top-column elementor-element elementor-element-2a3a8dd\" data-id=\"2a3a8dd\" data-element_type=\"column\" data-e-type=\"column\">\n\t\t\t<div class=\"elementor-widget-wrap elementor-element-populated\">\n\t\t\t\t\t\t<div class=\"elementor-element elementor-element-b6e825b elementor-widget elementor-widget-image\" data-id=\"b6e825b\" data-element_type=\"widget\" data-e-type=\"widget\" data-widget_type=\"image.default\">\n\t\t\t\t<div class=\"elementor-widget-container\">\n\t\t\t\t\t\t\t\t\t\t\t\t\t\t\t<img decoding=\"async\" width=\"640\" height=\"480\" src=\"https:\/\/puppen-restaurierung.de\/wp-content\/uploads\/2023\/11\/about_me_transp1-Klein.webp\" class=\"attachment-large size-large wp-image-499\" alt=\"\" srcset=\"https:\/\/puppen-restaurierung.de\/wp-content\/uploads\/2023\/11\/about_me_transp1-Klein.webp 640w, https:\/\/puppen-restaurierung.de\/wp-content\/uploads\/2023\/11\/about_me_transp1-Klein-300x225.webp 300w\" sizes=\"(max-width: 640px) 100vw, 640px\" \/>\t\t\t\t\t\t\t\t\t\t\t\t\t\t\t<\/div>\n\t\t\t\t<\/div>\n\t\t\t\t\t<\/div>\n\t\t<\/div>\n\t\t\t\t\t<\/div>\n\t\t<\/section>\n\t\t\t\t<section data-particle_enable=\"false\" data-particle-mobile-disabled=\"false\" class=\"elementor-section elementor-top-section elementor-element elementor-element-f6654a0 elementor-section-boxed elementor-section-height-default elementor-section-height-default\" data-id=\"f6654a0\" data-element_type=\"section\" data-e-type=\"section\">\n\t\t\t\t\t\t<div class=\"elementor-container elementor-column-gap-default\">\n\t\t\t\t\t<div class=\"elementor-column elementor-col-50 elementor-top-column elementor-element elementor-element-5e590cb\" data-id=\"5e590cb\" data-element_type=\"column\" data-e-type=\"column\">\n\t\t\t<div class=\"elementor-widget-wrap elementor-element-populated\">\n\t\t\t\t\t\t<div class=\"elementor-element elementor-element-5fd7dc0 elementor-widget elementor-widget-heading\" data-id=\"5fd7dc0\" data-element_type=\"widget\" data-e-type=\"widget\" data-widget_type=\"heading.default\">\n\t\t\t\t<div class=\"elementor-widget-container\">\n\t\t\t\t\t<h2 class=\"elementor-heading-title elementor-size-default\">Les antiquit\u00e9s \u00e9taient mon environnement naturel.<\/h2>\t\t\t\t<\/div>\n\t\t\t\t<\/div>\n\t\t\t\t<div class=\"elementor-element elementor-element-042cf88 elementor-widget elementor-widget-text-editor\" data-id=\"042cf88\" data-element_type=\"widget\" data-e-type=\"widget\" data-widget_type=\"text-editor.default\">\n\t\t\t\t<div class=\"elementor-widget-container\">\n\t\t\t\t\t\t\t\t\t<p>Les entretenir et les appr\u00e9cier est la base de mon art. En raison de la sp\u00e9cialisation de ma m\u00e8re dans les poup\u00e9es anciennes, je suis entr\u00e9e en contact avec ces myst\u00e9rieuses \u00ab\u00a0images humaines\u00a0\u00bb tr\u00e8s t\u00f4t. Les poup\u00e9es sont des chefs-d&rsquo;\u0153uvre de l&rsquo;artisanat, elles racontent des histoires du pass\u00e9. Afin de pr\u00e9server ces souvenirs, j&rsquo;ai l&rsquo;ambition de d\u00e9couvrir la condition d&rsquo;origine sans perdre le \u00ab\u00a0jeu\u00a0\u00bb.<\/p>\n\t\t\t\t\t\t\t\t<\/div>\n\t\t\t\t<\/div>\n\t\t\t\t<div class=\"elementor-element elementor-element-93bb624 elementor-widget elementor-widget-text-editor\" data-id=\"93bb624\" data-element_type=\"widget\" data-e-type=\"widget\" data-widget_type=\"text-editor.default\">\n\t\t\t\t<div class=\"elementor-widget-container\">\n\t\t\t\t\t\t\t\t\t<p>C&rsquo;est mon souci de garder la poup\u00e9e comme objet d&rsquo;exposition et de collection, comme conteuse et comme jouet.<\/p>\n\t\t\t\t\t\t\t\t<\/div>\n\t\t\t\t<\/div>\n\t\t\t\t\t<\/div>\n\t\t<\/div>\n\t\t\t\t<div class=\"elementor-column elementor-col-50 elementor-top-column elementor-element elementor-element-5b29c48\" data-id=\"5b29c48\" data-element_type=\"column\" data-e-type=\"column\">\n\t\t\t<div class=\"elementor-widget-wrap elementor-element-populated\">\n\t\t\t\t\t\t<div class=\"elementor-element elementor-element-bc14e57 elementor-widget elementor-widget-image\" data-id=\"bc14e57\" data-element_type=\"widget\" data-e-type=\"widget\" data-widget_type=\"image.default\">\n\t\t\t\t<div class=\"elementor-widget-container\">\n\t\t\t\t\t\t\t\t\t\t\t\t<figure class=\"wp-caption\">\n\t\t\t\t\t\t\t\t\t\t\t<a href=\"http:\/\/www.puppen-restaurierung.de\/wp-content\/uploads\/2023\/11\/about_me001.webp\">\n\t\t\t\t\t\t\t<img decoding=\"async\" width=\"407\" height=\"480\" src=\"https:\/\/puppen-restaurierung.de\/wp-content\/uploads\/2023\/11\/about_me001_2-Klein.webp\" class=\"attachment-large size-large wp-image-505\" alt=\"\" srcset=\"https:\/\/puppen-restaurierung.de\/wp-content\/uploads\/2023\/11\/about_me001_2-Klein.webp 407w, https:\/\/puppen-restaurierung.de\/wp-content\/uploads\/2023\/11\/about_me001_2-Klein-254x300.webp 254w\" sizes=\"(max-width: 407px) 100vw, 407px\" \/>\t\t\t\t\t\t\t\t<\/a>\n\t\t\t\t\t\t\t\t\t\t\t<figcaption class=\"widget-image-caption wp-caption-text\">Ma m\u00e8re Elisabeth Otremba<\/figcaption>\n\t\t\t\t\t\t\t\t\t\t<\/figure>\n\t\t\t\t\t\t\t\t\t<\/div>\n\t\t\t\t<\/div>\n\t\t\t\t\t<\/div>\n\t\t<\/div>\n\t\t\t\t\t<\/div>\n\t\t<\/section>\n\t\t\t\t<section data-particle_enable=\"false\" data-particle-mobile-disabled=\"false\" class=\"elementor-section elementor-top-section elementor-element elementor-element-473ec21 elementor-section-boxed elementor-section-height-default elementor-section-height-default\" data-id=\"473ec21\" data-element_type=\"section\" data-e-type=\"section\">\n\t\t\t\t\t\t<div class=\"elementor-container elementor-column-gap-wider\">\n\t\t\t\t\t<div class=\"elementor-column elementor-col-33 elementor-top-column elementor-element elementor-element-6317569\" data-id=\"6317569\" data-element_type=\"column\" data-e-type=\"column\">\n\t\t\t<div class=\"elementor-widget-wrap elementor-element-populated\">\n\t\t\t\t\t\t<div class=\"elementor-element elementor-element-c1634c9 elementor-widget elementor-widget-image\" data-id=\"c1634c9\" data-element_type=\"widget\" data-e-type=\"widget\" data-widget_type=\"image.default\">\n\t\t\t\t<div class=\"elementor-widget-container\">\n\t\t\t\t\t\t\t\t\t\t\t\t<figure class=\"wp-caption\">\n\t\t\t\t\t\t\t\t\t\t\t<a href=\"http:\/\/www.puppen-restaurierung.de\/wp-content\/uploads\/2023\/11\/about_me004.webp\">\n\t\t\t\t\t\t\t<img loading=\"lazy\" decoding=\"async\" width=\"407\" height=\"480\" src=\"https:\/\/puppen-restaurierung.de\/wp-content\/uploads\/2023\/11\/about_me004-Klein.webp\" class=\"attachment-large size-large wp-image-514\" alt=\"\" srcset=\"https:\/\/puppen-restaurierung.de\/wp-content\/uploads\/2023\/11\/about_me004-Klein.webp 407w, https:\/\/puppen-restaurierung.de\/wp-content\/uploads\/2023\/11\/about_me004-Klein-254x300.webp 254w\" sizes=\"(max-width: 407px) 100vw, 407px\" \/>\t\t\t\t\t\t\t\t<\/a>\n\t\t\t\t\t\t\t\t\t\t\t<figcaption class=\"widget-image-caption wp-caption-text\">La jeune Marie devant le premier magasin .....<\/figcaption>\n\t\t\t\t\t\t\t\t\t\t<\/figure>\n\t\t\t\t\t\t\t\t\t<\/div>\n\t\t\t\t<\/div>\n\t\t\t\t\t<\/div>\n\t\t<\/div>\n\t\t\t\t<div class=\"elementor-column elementor-col-33 elementor-top-column elementor-element elementor-element-8df2729\" data-id=\"8df2729\" data-element_type=\"column\" data-e-type=\"column\">\n\t\t\t<div class=\"elementor-widget-wrap elementor-element-populated\">\n\t\t\t\t\t\t<div class=\"elementor-element elementor-element-86ac37c elementor-widget elementor-widget-image\" data-id=\"86ac37c\" data-element_type=\"widget\" data-e-type=\"widget\" data-widget_type=\"image.default\">\n\t\t\t\t<div class=\"elementor-widget-container\">\n\t\t\t\t\t\t\t\t\t\t\t\t\t\t\t\t<a href=\"http:\/\/www.puppen-restaurierung.de\/wp-content\/uploads\/2023\/11\/about_me002_1.webp\">\n\t\t\t\t\t\t\t<img loading=\"lazy\" decoding=\"async\" width=\"407\" height=\"480\" src=\"https:\/\/puppen-restaurierung.de\/wp-content\/uploads\/2023\/11\/about_me002-Klein.webp\" class=\"attachment-large size-large wp-image-508\" alt=\"\" srcset=\"https:\/\/puppen-restaurierung.de\/wp-content\/uploads\/2023\/11\/about_me002-Klein.webp 407w, https:\/\/puppen-restaurierung.de\/wp-content\/uploads\/2023\/11\/about_me002-Klein-254x300.webp 254w\" sizes=\"(max-width: 407px) 100vw, 407px\" \/>\t\t\t\t\t\t\t\t<\/a>\n\t\t\t\t\t\t\t\t\t\t\t\t\t\t\t<\/div>\n\t\t\t\t<\/div>\n\t\t\t\t\t<\/div>\n\t\t<\/div>\n\t\t\t\t<div class=\"elementor-column elementor-col-33 elementor-top-column elementor-element elementor-element-4262747\" data-id=\"4262747\" data-element_type=\"column\" data-e-type=\"column\">\n\t\t\t<div class=\"elementor-widget-wrap elementor-element-populated\">\n\t\t\t\t\t\t<div class=\"elementor-element elementor-element-3a5adf5 elementor-widget elementor-widget-image\" data-id=\"3a5adf5\" data-element_type=\"widget\" data-e-type=\"widget\" data-widget_type=\"image.default\">\n\t\t\t\t<div class=\"elementor-widget-container\">\n\t\t\t\t\t\t\t\t\t\t\t\t\t\t\t\t<a href=\"http:\/\/www.puppen-restaurierung.de\/wp-content\/uploads\/2023\/11\/about_me003_1.webp\">\n\t\t\t\t\t\t\t<img loading=\"lazy\" decoding=\"async\" width=\"407\" height=\"480\" src=\"https:\/\/puppen-restaurierung.de\/wp-content\/uploads\/2023\/11\/about_me003-Klein.webp\" class=\"attachment-large size-large wp-image-502\" alt=\"\" srcset=\"https:\/\/puppen-restaurierung.de\/wp-content\/uploads\/2023\/11\/about_me003-Klein.webp 407w, https:\/\/puppen-restaurierung.de\/wp-content\/uploads\/2023\/11\/about_me003-Klein-254x300.webp 254w\" sizes=\"(max-width: 407px) 100vw, 407px\" \/>\t\t\t\t\t\t\t\t<\/a>\n\t\t\t\t\t\t\t\t\t\t\t\t\t\t\t<\/div>\n\t\t\t\t<\/div>\n\t\t\t\t\t<\/div>\n\t\t<\/div>\n\t\t\t\t\t<\/div>\n\t\t<\/section>\n\t\t\t\t<\/div>\n\t\t","protected":false},"excerpt":{"rendered":"<p>PR\u00c9SERVER ET RESTAURER de belles choses est la vocation et la tradition de ma famille depuis des g\u00e9n\u00e9rations. Les antiquit\u00e9s \u00e9taient mon environnement naturel. Les entretenir et les appr\u00e9cier est la base de mon art. En raison de la sp\u00e9cialisation de ma m\u00e8re dans les poup\u00e9es anciennes, je suis entr\u00e9e en contact avec ces myst\u00e9rieuses [&hellip;]<\/p>\n","protected":false},"author":6,"featured_media":0,"parent":0,"menu_order":10,"comment_status":"closed","ping_status":"closed","template":"","meta":{"_acf_changed":false,"footnotes":""},"class_list":["post-770","page","type-page","status-publish","hentry"],"acf":[],"_links":{"self":[{"href":"https:\/\/puppen-restaurierung.de\/fr\/wp-json\/wp\/v2\/pages\/770","targetHints":{"allow":["GET"]}}],"collection":[{"href":"https:\/\/puppen-restaurierung.de\/fr\/wp-json\/wp\/v2\/pages"}],"about":[{"href":"https:\/\/puppen-restaurierung.de\/fr\/wp-json\/wp\/v2\/types\/page"}],"author":[{"embeddable":true,"href":"https:\/\/puppen-restaurierung.de\/fr\/wp-json\/wp\/v2\/users\/6"}],"replies":[{"embeddable":true,"href":"https:\/\/puppen-restaurierung.de\/fr\/wp-json\/wp\/v2\/comments?post=770"}],"version-history":[{"count":10,"href":"https:\/\/puppen-restaurierung.de\/fr\/wp-json\/wp\/v2\/pages\/770\/revisions"}],"predecessor-version":[{"id":1413,"href":"https:\/\/puppen-restaurierung.de\/fr\/wp-json\/wp\/v2\/pages\/770\/revisions\/1413"}],"wp:attachment":[{"href":"https:\/\/puppen-restaurierung.de\/fr\/wp-json\/wp\/v2\/media?parent=770"}],"curies":[{"name":"wp","href":"https:\/\/api.w.org\/{rel}","templated":true}]}}